{"id":1499,"date":"2026-01-30T13:46:57","date_gmt":"2026-01-30T11:46:57","guid":{"rendered":"http:\/\/www.entertainmentagency.at\/stars-buchen\/?page_id=1499"},"modified":"2026-03-14T11:51:36","modified_gmt":"2026-03-14T09:51:36","slug":"fire-squad-live","status":"publish","type":"page","link":"https:\/\/www.entertainmentagency.at\/stars-buchen\/fire-squad-live\/","title":{"rendered":"fire squad live"},"content":{"rendered":"<p><!-- FIRE SQUAD LIVE \u2013 Landingpage v2 f\u00fcr WordPress\/GeneratePress --><br \/>\n<!-- Einf\u00fcgen in: Seite bearbeiten > Text\/HTML Editor --><br \/>\n<!-- Padding der Seite vorher im Customizer entfernen (page-id CSS) --><\/p>\n<style>\n@media (max-width: 768px) {\n  .fs-responsive-table,\n  .fs-responsive-table tbody,\n  .fs-responsive-table tr,\n  .fs-responsive-table td {\n    display: block !important;\n    width: 100% !important;\n  }\n  .fs-responsive-table td {\n    padding: 10px 16px !important;\n    text-align: center !important;\n  }\n  .fs-responsive-table td img {\n    max-width: 85% !important;\n    margin: 0 auto !important;\n  }\n}\n<\/style>\n<div style=\"background:#000;color:#e0e0e0;font-family:Helvetica,Arial,sans-serif;padding:0;margin:-60px -40px 0;overflow:hidden;\">\n<p><!-- HERO BILD --><\/p>\n<div style=\"text-align:center;\">\n<img decoding=\"async\" src=\"\/stars-buchen\/wp-content\/uploads\/2026\/01\/fire-squad-HG-Banner-2.png\" alt=\"Fire Squad buchen \u2013 Die Live-Show von Don Cali und Johnny Strange, Members of Culcha Candela\" style=\"width:100%;height:auto;display:block;\" \/>\n<\/div>\n<p><!-- CTA BUTTON --><\/p>\n<div style=\"text-align:center;padding:40px 20px 10px;\">\n<a href=\"mailto:office@entertainmentagency.at\" style=\"display:inline-block;background:#c0392b;color:#fff;padding:16px 48px;font-size:0.95rem;font-weight:700;letter-spacing:2px;text-transform:uppercase;text-decoration:none;border:2px solid #c0392b;\">JETZT TERMINANFRAGE SENDEN<\/a>\n<\/div>\n<p><!-- INTRO: Un Dos Tres --><\/p>\n<div style=\"text-align:center;padding:36px 30px 10px;max-width:780px;margin:0 auto;\">\n<h2 style=\"font-family:Georgia,'Times New Roman',serif;color:#c0392b;font-size:1.6rem;font-weight:400;margin:0 0 22px;\">&#8222;Un Dos Tres&#8220; \u2013 die neue Party-Hymne ist da!<\/h2>\n<p style=\"color:#ccc;font-size:1.05rem;line-height:1.8;margin:0 0 20px;\">Seit \u00fcber 4 Jahren bringen Johnny Strange &amp; Don Cali mit ihrem Soundsystem Projekt FIRE SQUAD internationale Club- und Festivalb\u00fchnen zum beben.<\/p>\n<p style=\"color:#ccc;font-size:1.05rem;line-height:1.8;margin:0 0 20px;\">Mit \u201eUn Dos Tres&#8220; bringt das Power-Duo nun das ultimative Sommerfeeling!<br \/>Das DJ + MC-Duo Fire Squad steht f\u00fcr energiegeladene Shows, internationale Beats und ein echtes Abriss-Garantiepaket f\u00fcr jedes Event.<\/p>\n<p style=\"color:#fff;font-size:1.1rem;font-weight:700;line-height:1.7;margin:0 0 28px;\">Ob Mallorca-Party, Stadtfest, Clubnacht oder Firmenfeier \u2013 Fire Squad live ist die Show, die alle mitrei\u00dft!<\/p>\n<p><!-- Stream Button --><br \/>\n<a href=\"https:\/\/umg.lnk.to\/UnDosTres\" target=\"_blank\" rel=\"noopener\" style=\"display:inline-block;background:linear-gradient(135deg,#e74c3c,#f39c12);color:#fff;padding:16px 36px;font-size:0.95rem;font-weight:700;text-decoration:none;letter-spacing:1px;\">&#x1f3a7; Jetzt reinh\u00f6ren: Un Dos Tres \u2013 Stream \/ Download<\/a><\/p>\n<p style=\"color:#888;font-size:0.88rem;font-style:italic;margin:16px 0 0;\">Die Party Hymne \u201eUn Dos Tres&#8220; erschien am 6. Februar 2026 \u00fcber Electrola \/ Universal Music und markiert den Beginn eines neuen musikalischen Kapitels!<\/p>\n<\/div>\n<p><!-- BIO: Bild + Text --><\/p>\n<table cellpadding=\"0\" cellspacing=\"0\" border=\"0\" class=\"fs-responsive-table\" style=\"max-width:880px;margin:40px auto 50px;width:100%;\">\n<tr>\n<td style=\"width:320px;vertical-align:middle;padding:0 20px 0 30px;\">\n<img decoding=\"async\" src=\"\/stars-buchen\/wp-content\/uploads\/2026\/01\/Fire-Squad-11-V2.png\" alt=\"Fire Squad buchen \u2013 Johnny Strange und Don Cali von Culcha Candela\" style=\"width:100%;height:auto;display:block;\" \/>\n<\/td>\n<td style=\"vertical-align:middle;padding:0 30px 0 16px;\">\n<h2 style=\"font-family:Georgia,'Times New Roman',serif;color:#c0392b;font-size:1.4rem;font-weight:400;margin:0 0 16px;\">Wer ist Fire Squad?<\/h2>\n<p style=\"color:#ccc;font-size:1rem;line-height:1.75;margin:0 0 16px;\">Zwei der bekanntesten Stimmen von Culcha Candela \u2013 vereint in einem einzigartigen Live-Format: Johnny Strange &amp; Don Cali sind Fire Squad. Ihre Mission: Beats, Bass und beste Stimmung!<\/p>\n<p style=\"color:#aaa;font-size:1rem;line-height:1.75;margin:0 0 16px;font-style:italic;border-left:3px solid #c0392b;padding-left:16px;\">\u201eAuf Mallorca haben wir den unverwechselbaren, lebensfrohen Sound der Insel lieben gelernt: Positiv, direkt und tanzbar.&#8220;<\/p>\n<p style=\"color:#ccc;font-size:1rem;line-height:1.75;margin:0 0 16px;\">Genau diese Leichtigkeit greifen sie nun in ihren eigenen Releases auf und kombinieren ihn mit karibischen Beats und internationalem Club-Feeling. Als Teil von Culcha Candela die 2027 ihr 25-j\u00e4hriges Jubil\u00e4um feiern, blicken sie auf \u00fcber zwei Jahrzehnte B\u00fchnenerfahrung, weit \u00fcber tausend Live-Shows in zahlreichen L\u00e4ndern und Millionen verkaufter Tontr\u00e4ger zur\u00fcck.<\/p>\n<p style=\"color:#ccc;font-size:1rem;line-height:1.75;margin:0;\">Diese Erfahrung macht Fire Squad zu einem Projekt, das pr\u00e4destiniert ist f\u00fcr energetische Shows, starke Hooks und maximale Party-Momente. \u201eUn Dos Tres&#8220; ist nur der Anfang \u2013 weitere Ver\u00f6ffentlichungen und \u00dcberraschungen von Fire Squad sind f\u00fcr 2026 geplant.<\/p>\n<\/td>\n<\/tr>\n<\/table>\n<p><!-- CTA BOX --><\/p>\n<div style=\"background:#111;padding:50px 20px;text-align:center;\">\n<h2 style=\"font-family:Georgia,'Times New Roman',serif;color:#f39c12;font-size:1.5rem;font-weight:400;margin:0 0 10px;\">Fire Squad f\u00fcr dein Event buchen<\/h2>\n<p style=\"color:#ccc;font-size:1.05rem;margin:0 0 24px;\">Sende uns jetzt deine unverbindliche Anfrage!<\/p>\n<p><a href=\"mailto:office@entertainmentagency.at\" style=\"display:inline-block;background:#c0392b;color:#fff;padding:16px 48px;font-size:0.95rem;font-weight:700;letter-spacing:2px;text-transform:uppercase;text-decoration:none;border:2px solid #c0392b;\">JETZT TERMINANFRAGE SENDEN<\/a>\n<\/div>\n<\/div>\n","protected":false},"excerpt":{"rendered":"<p>JETZT TERMINANFRAGE SENDEN &#8222;Un Dos Tres&#8220; \u2013 die neue Party-Hymne ist da! Seit \u00fcber 4 Jahren bringen Johnny Strange &amp; Don Cali mit ihrem Soundsystem Projekt FIRE SQUAD internationale Club- und Festivalb\u00fchnen zum beben. Mit \u201eUn Dos Tres&#8220; bringt das Power-Duo nun das ultimative Sommerfeeling!Das DJ + MC-Duo Fire Squad steht f\u00fcr energiegeladene Shows, internationale &#8230; <a title=\"fire squad live\" class=\"read-more\" href=\"https:\/\/www.entertainmentagency.at\/stars-buchen\/fire-squad-live\/\" aria-label=\"Read more about fire squad live\">Read more<\/a><\/p>\n","protected":false},"author":1,"featured_media":0,"parent":0,"menu_order":0,"comment_status":"closed","ping_status":"closed","template":"","meta":{"footnotes":""},"class_list":["post-1499","page","type-page","status-publish"],"yoast_head":"<!-- This site is optimized with the Yoast SEO plugin v27.2 - https:\/\/yoast.com\/product\/yoast-seo-wordpress\/ -->\n<title>fire squad live &#8226; Entertainment Agency<\/title>\n<meta name=\"robots\" content=\"index, follow, max-snippet:-1, max-image-preview:large, max-video-preview:-1\" \/>\n<link rel=\"canonical\" href=\"https:\/\/www.entertainmentagency.at\/stars-buchen\/fire-squad-live\/\" \/>\n<meta property=\"og:locale\" content=\"de_DE\" \/>\n<meta property=\"og:type\" content=\"article\" \/>\n<meta property=\"og:title\" content=\"fire squad live &#8226; Entertainment Agency\" \/>\n<meta property=\"og:description\" content=\"JETZT TERMINANFRAGE SENDEN &#8222;Un Dos Tres&#8220; \u2013 die neue Party-Hymne ist da! Seit \u00fcber 4 Jahren bringen Johnny Strange &amp; Don Cali mit ihrem Soundsystem Projekt FIRE SQUAD internationale Club- und Festivalb\u00fchnen zum beben. Mit \u201eUn Dos Tres&#8220; bringt das Power-Duo nun das ultimative Sommerfeeling!Das DJ + MC-Duo Fire Squad steht f\u00fcr energiegeladene Shows, internationale ... Read more\" \/>\n<meta property=\"og:url\" content=\"https:\/\/www.entertainmentagency.at\/stars-buchen\/fire-squad-live\/\" \/>\n<meta property=\"og:site_name\" content=\"Entertainment Agency\" \/>\n<meta property=\"article:publisher\" content=\"https:\/\/www.facebook.com\/Entertainment-Agency-Austria-268593616544899\/\" \/>\n<meta property=\"article:modified_time\" content=\"2026-03-14T09:51:36+00:00\" \/>\n<meta name=\"twitter:card\" content=\"summary_large_image\" \/>\n<meta name=\"twitter:label1\" content=\"Gesch\u00e4tzte Lesezeit\" \/>\n\t<meta name=\"twitter:data1\" content=\"1 Minute\" \/>\n<script type=\"application\/ld+json\" class=\"yoast-schema-graph\">{\"@context\":\"https:\/\/schema.org\",\"@graph\":[{\"@type\":\"WebPage\",\"@id\":\"https:\/\/www.entertainmentagency.at\/stars-buchen\/fire-squad-live\/\",\"url\":\"https:\/\/www.entertainmentagency.at\/stars-buchen\/fire-squad-live\/\",\"name\":\"fire squad live &#8226; Entertainment Agency\",\"isPartOf\":{\"@id\":\"https:\/\/www.entertainmentagency.at\/stars-buchen\/#website\"},\"datePublished\":\"2026-01-30T11:46:57+00:00\",\"dateModified\":\"2026-03-14T09:51:36+00:00\",\"breadcrumb\":{\"@id\":\"https:\/\/www.entertainmentagency.at\/stars-buchen\/fire-squad-live\/#breadcrumb\"},\"inLanguage\":\"de-AT\",\"potentialAction\":[{\"@type\":\"ReadAction\",\"target\":[\"https:\/\/www.entertainmentagency.at\/stars-buchen\/fire-squad-live\/\"]}]},{\"@type\":\"BreadcrumbList\",\"@id\":\"https:\/\/www.entertainmentagency.at\/stars-buchen\/fire-squad-live\/#breadcrumb\",\"itemListElement\":[{\"@type\":\"ListItem\",\"position\":1,\"name\":\"Startseite\",\"item\":\"https:\/\/www.entertainmentagency.at\/stars-buchen\/\"},{\"@type\":\"ListItem\",\"position\":2,\"name\":\"fire squad live\"}]},{\"@type\":\"WebSite\",\"@id\":\"https:\/\/www.entertainmentagency.at\/stars-buchen\/#website\",\"url\":\"https:\/\/www.entertainmentagency.at\/stars-buchen\/\",\"name\":\"Entertainment Agency\",\"description\":\"Hier buchen Sie Stars.\",\"publisher\":{\"@id\":\"https:\/\/www.entertainmentagency.at\/stars-buchen\/#organization\"},\"potentialAction\":[{\"@type\":\"SearchAction\",\"target\":{\"@type\":\"EntryPoint\",\"urlTemplate\":\"https:\/\/www.entertainmentagency.at\/stars-buchen\/?s={search_term_string}\"},\"query-input\":{\"@type\":\"PropertyValueSpecification\",\"valueRequired\":true,\"valueName\":\"search_term_string\"}}],\"inLanguage\":\"de-AT\"},{\"@type\":\"Organization\",\"@id\":\"https:\/\/www.entertainmentagency.at\/stars-buchen\/#organization\",\"name\":\"Entertainment Agency\",\"url\":\"https:\/\/www.entertainmentagency.at\/stars-buchen\/\",\"logo\":{\"@type\":\"ImageObject\",\"inLanguage\":\"de-AT\",\"@id\":\"https:\/\/www.entertainmentagency.at\/stars-buchen\/#\/schema\/logo\/image\/\",\"url\":\"https:\/\/www.entertainmentagency.at\/stars-buchen\/wp-content\/uploads\/2026\/03\/cropped-entertainment-agency-logo.png\",\"contentUrl\":\"https:\/\/www.entertainmentagency.at\/stars-buchen\/wp-content\/uploads\/2026\/03\/cropped-entertainment-agency-logo.png\",\"width\":2076,\"height\":385,\"caption\":\"Entertainment Agency\"},\"image\":{\"@id\":\"https:\/\/www.entertainmentagency.at\/stars-buchen\/#\/schema\/logo\/image\/\"},\"sameAs\":[\"https:\/\/www.facebook.com\/Entertainment-Agency-Austria-268593616544899\/\",\"https:\/\/www.instagram.com\/entertainment_agency\/\"]}]}<\/script>\n<!-- \/ Yoast SEO plugin. -->","yoast_head_json":{"title":"fire squad live &#8226; Entertainment Agency","robots":{"index":"index","follow":"follow","max-snippet":"max-snippet:-1","max-image-preview":"max-image-preview:large","max-video-preview":"max-video-preview:-1"},"canonical":"https:\/\/www.entertainmentagency.at\/stars-buchen\/fire-squad-live\/","og_locale":"de_DE","og_type":"article","og_title":"fire squad live &#8226; Entertainment Agency","og_description":"JETZT TERMINANFRAGE SENDEN &#8222;Un Dos Tres&#8220; \u2013 die neue Party-Hymne ist da! Seit \u00fcber 4 Jahren bringen Johnny Strange &amp; Don Cali mit ihrem Soundsystem Projekt FIRE SQUAD internationale Club- und Festivalb\u00fchnen zum beben. Mit \u201eUn Dos Tres&#8220; bringt das Power-Duo nun das ultimative Sommerfeeling!Das DJ + MC-Duo Fire Squad steht f\u00fcr energiegeladene Shows, internationale ... Read more","og_url":"https:\/\/www.entertainmentagency.at\/stars-buchen\/fire-squad-live\/","og_site_name":"Entertainment Agency","article_publisher":"https:\/\/www.facebook.com\/Entertainment-Agency-Austria-268593616544899\/","article_modified_time":"2026-03-14T09:51:36+00:00","twitter_card":"summary_large_image","twitter_misc":{"Gesch\u00e4tzte Lesezeit":"1 Minute"},"schema":{"@context":"https:\/\/schema.org","@graph":[{"@type":"WebPage","@id":"https:\/\/www.entertainmentagency.at\/stars-buchen\/fire-squad-live\/","url":"https:\/\/www.entertainmentagency.at\/stars-buchen\/fire-squad-live\/","name":"fire squad live &#8226; Entertainment Agency","isPartOf":{"@id":"https:\/\/www.entertainmentagency.at\/stars-buchen\/#website"},"datePublished":"2026-01-30T11:46:57+00:00","dateModified":"2026-03-14T09:51:36+00:00","breadcrumb":{"@id":"https:\/\/www.entertainmentagency.at\/stars-buchen\/fire-squad-live\/#breadcrumb"},"inLanguage":"de-AT","potentialAction":[{"@type":"ReadAction","target":["https:\/\/www.entertainmentagency.at\/stars-buchen\/fire-squad-live\/"]}]},{"@type":"BreadcrumbList","@id":"https:\/\/www.entertainmentagency.at\/stars-buchen\/fire-squad-live\/#breadcrumb","itemListElement":[{"@type":"ListItem","position":1,"name":"Startseite","item":"https:\/\/www.entertainmentagency.at\/stars-buchen\/"},{"@type":"ListItem","position":2,"name":"fire squad live"}]},{"@type":"WebSite","@id":"https:\/\/www.entertainmentagency.at\/stars-buchen\/#website","url":"https:\/\/www.entertainmentagency.at\/stars-buchen\/","name":"Entertainment Agency","description":"Hier buchen Sie Stars.","publisher":{"@id":"https:\/\/www.entertainmentagency.at\/stars-buchen\/#organization"},"potentialAction":[{"@type":"SearchAction","target":{"@type":"EntryPoint","urlTemplate":"https:\/\/www.entertainmentagency.at\/stars-buchen\/?s={search_term_string}"},"query-input":{"@type":"PropertyValueSpecification","valueRequired":true,"valueName":"search_term_string"}}],"inLanguage":"de-AT"},{"@type":"Organization","@id":"https:\/\/www.entertainmentagency.at\/stars-buchen\/#organization","name":"Entertainment Agency","url":"https:\/\/www.entertainmentagency.at\/stars-buchen\/","logo":{"@type":"ImageObject","inLanguage":"de-AT","@id":"https:\/\/www.entertainmentagency.at\/stars-buchen\/#\/schema\/logo\/image\/","url":"https:\/\/www.entertainmentagency.at\/stars-buchen\/wp-content\/uploads\/2026\/03\/cropped-entertainment-agency-logo.png","contentUrl":"https:\/\/www.entertainmentagency.at\/stars-buchen\/wp-content\/uploads\/2026\/03\/cropped-entertainment-agency-logo.png","width":2076,"height":385,"caption":"Entertainment Agency"},"image":{"@id":"https:\/\/www.entertainmentagency.at\/stars-buchen\/#\/schema\/logo\/image\/"},"sameAs":["https:\/\/www.facebook.com\/Entertainment-Agency-Austria-268593616544899\/","https:\/\/www.instagram.com\/entertainment_agency\/"]}]}},"_links":{"self":[{"href":"https:\/\/www.entertainmentagency.at\/stars-buchen\/wp-json\/wp\/v2\/pages\/1499","targetHints":{"allow":["GET"]}}],"collection":[{"href":"https:\/\/www.entertainmentagency.at\/stars-buchen\/wp-json\/wp\/v2\/pages"}],"about":[{"href":"https:\/\/www.entertainmentagency.at\/stars-buchen\/wp-json\/wp\/v2\/types\/page"}],"author":[{"embeddable":true,"href":"https:\/\/www.entertainmentagency.at\/stars-buchen\/wp-json\/wp\/v2\/users\/1"}],"replies":[{"embeddable":true,"href":"https:\/\/www.entertainmentagency.at\/stars-buchen\/wp-json\/wp\/v2\/comments?post=1499"}],"version-history":[{"count":8,"href":"https:\/\/www.entertainmentagency.at\/stars-buchen\/wp-json\/wp\/v2\/pages\/1499\/revisions"}],"predecessor-version":[{"id":1976,"href":"https:\/\/www.entertainmentagency.at\/stars-buchen\/wp-json\/wp\/v2\/pages\/1499\/revisions\/1976"}],"wp:attachment":[{"href":"https:\/\/www.entertainmentagency.at\/stars-buchen\/wp-json\/wp\/v2\/media?parent=1499"}],"curies":[{"name":"wp","href":"https:\/\/api.w.org\/{rel}","templated":true}]}}