{"id":1700,"date":"2026-03-13T11:51:26","date_gmt":"2026-03-13T09:51:26","guid":{"rendered":"https:\/\/www.entertainmentagency.at\/stars-buchen\/?page_id=1700"},"modified":"2026-03-17T10:28:34","modified_gmt":"2026-03-17T08:28:34","slug":"impressum","status":"publish","type":"page","link":"https:\/\/www.entertainmentagency.at\/stars-buchen\/impressum\/","title":{"rendered":"Impressum"},"content":{"rendered":"<div style=\"max-width:800px;margin:0 auto;padding:48px 0;\">\n<h2 style=\"font-family:Georgia,serif;font-size:28px;color:#1a1a1a;margin-bottom:24px;\">Impressum<\/h2>\n<h3 style=\"font-size:16px;color:#1a1a1a;margin-bottom:8px;\">Angaben gem\u00e4\u00df \u00a7 5 ECG und \u00a7 25 MedienG<\/h3>\n<p style=\"font-size:14px;color:#555;line-height:1.8;margin-bottom:24px;\">\n<strong>EAL Entertainment Agency Live GmbH<\/strong><br \/>\nSchulerstra\u00dfe 1-3 \/ 67A<br \/>\n1010 Wien<br \/>\n\u00d6sterreich\n<\/p>\n<h3 style=\"font-size:16px;color:#1a1a1a;margin-bottom:8px;\">Kontakt<\/h3>\n<p style=\"font-size:14px;color:#555;line-height:1.8;margin-bottom:24px;\">\nTelefon: <a href=\"tel:+436648681260\" style=\"color:#803877;text-decoration:none;\">+43 664 868 12 60<\/a><br \/>\nE-Mail: <a href=\"mailto:office@entertainmentagency.at\" style=\"color:#803877;text-decoration:none;\">office@entertainmentagency.at<\/a><br \/>\nWeb: <a href=\"https:\/\/www.entertainmentagency.at\" style=\"color:#803877;text-decoration:none;\">www.entertainmentagency.at<\/a>\n<\/p>\n<h3 style=\"font-size:16px;color:#1a1a1a;margin-bottom:8px;\">Firmenbuchnummer &amp; Gericht<\/h3>\n<p style=\"font-size:14px;color:#555;line-height:1.8;margin-bottom:24px;\">\nFirmenbuch: FN 528370 s<br \/>\nFirmenbuchgericht: Handelsgericht Wien\n<\/p>\n<h3 style=\"font-size:16px;color:#1a1a1a;margin-bottom:8px;\">UID-Nummer<\/h3>\n<p style=\"font-size:14px;color:#555;line-height:1.8;margin-bottom:24px;\">\nATU75277157\n<\/p>\n<h3 style=\"font-size:16px;color:#1a1a1a;margin-bottom:8px;\">Aufsichtsbeh\u00f6rde<\/h3>\n<p style=\"font-size:14px;color:#555;line-height:1.8;margin-bottom:24px;\">\nMagistrat der Stadt Wien\n<\/p>\n<h3 style=\"font-size:16px;color:#1a1a1a;margin-bottom:8px;\">Berufsrecht<\/h3>\n<p style=\"font-size:14px;color:#555;line-height:1.8;margin-bottom:24px;\">\nGewerbeordnung: <a href=\"https:\/\/www.ris.bka.gv.at\" style=\"color:#803877;text-decoration:none;\">www.ris.bka.gv.at<\/a>\n<\/p>\n<h3 style=\"font-size:16px;color:#1a1a1a;margin-bottom:8px;\">Haftungsausschluss<\/h3>\n<p style=\"font-size:14px;color:#555;line-height:1.8;margin-bottom:16px;\">\nDie Inhalte dieser Website wurden mit gr\u00f6\u00dfter Sorgfalt erstellt. F\u00fcr die Richtigkeit, Vollst\u00e4ndigkeit und Aktualit\u00e4t der Inhalte k\u00f6nnen wir jedoch keine Gew\u00e4hr \u00fcbernehmen. Als Diensteanbieter sind wir gem\u00e4\u00df \u00a7 7 Abs. 1 ECG f\u00fcr eigene Inhalte auf diesen Seiten nach den allgemeinen Gesetzen verantwortlich.\n<\/p>\n<p style=\"font-size:14px;color:#555;line-height:1.8;margin-bottom:24px;\">\nTrotz sorgf\u00e4ltiger inhaltlicher Kontrolle \u00fcbernehmen wir keine Haftung f\u00fcr die Inhalte externer Links. F\u00fcr den Inhalt der verlinkten Seiten sind ausschlie\u00dflich deren Betreiber verantwortlich.\n<\/p>\n<h3 style=\"font-size:16px;color:#1a1a1a;margin-bottom:8px;\">Urheberrecht<\/h3>\n<p style=\"font-size:14px;color:#555;line-height:1.8;margin-bottom:24px;\">\nDie durch die Seitenbetreiber erstellten Inhalte und Werke auf diesen Seiten unterliegen dem \u00f6sterreichischen Urheberrecht. Die Vervielf\u00e4ltigung, Bearbeitung, Verbreitung und jede Art der Verwertung au\u00dferhalb der Grenzen des Urheberrechts bed\u00fcrfen der schriftlichen Zustimmung der EAL Entertainment Agency Live GmbH. K\u00fcnstlerfotos und -logos sind Eigentum der jeweiligen K\u00fcnstler bzw. deren Management.\n<\/p>\n<h3 style=\"font-size:16px;color:#1a1a1a;margin-bottom:8px;\">Online-Streitbeilegung<\/h3>\n<p style=\"font-size:14px;color:#555;line-height:1.8;margin-bottom:24px;\">\nDie Europ\u00e4ische Kommission stellt eine Plattform zur Online-Streitbeilegung (OS) bereit: <a href=\"https:\/\/ec.europa.eu\/consumers\/odr\/\" style=\"color:#803877;text-decoration:none;\">https:\/\/ec.europa.eu\/consumers\/odr\/<\/a><br \/>\nWir sind nicht bereit oder verpflichtet, an Streitbeilegungsverfahren vor einer Verbraucherschlichtungsstelle teilzunehmen.\n<\/p>\n<hr style=\"border:none;border-top:1px solid #E8E5E0;margin:32px 0;\">\n<p style=\"font-size:12px;color:#999;text-align:center;\">\n\u00a9 2026 EAL Entertainment Agency Live GmbH \u00b7 Alle Rechte vorbehalten.\n<\/p>\n<\/div>\n","protected":false},"excerpt":{"rendered":"<p>Impressum Angaben gem\u00e4\u00df \u00a7 5 ECG und \u00a7 25 MedienG EAL Entertainment Agency Live GmbH Schulerstra\u00dfe 1-3 \/ 67A 1010 Wien \u00d6sterreich Kontakt Telefon: +43 664 868 12 60 E-Mail: office@entertainmentagency.at Web: www.entertainmentagency.at Firmenbuchnummer &amp; Gericht Firmenbuch: FN 528370 s Firmenbuchgericht: Handelsgericht Wien UID-Nummer ATU75277157 Aufsichtsbeh\u00f6rde Magistrat der Stadt Wien Berufsrecht Gewerbeordnung: www.ris.bka.gv.at Haftungsausschluss Die &#8230; <a title=\"Impressum\" class=\"read-more\" href=\"https:\/\/www.entertainmentagency.at\/stars-buchen\/impressum\/\" aria-label=\"Read more about Impressum\">Read more<\/a><\/p>\n","protected":false},"author":1,"featured_media":0,"parent":0,"menu_order":0,"comment_status":"closed","ping_status":"closed","template":"","meta":{"footnotes":""},"class_list":["post-1700","page","type-page","status-publish"],"yoast_head":"<!-- This site is optimized with the Yoast SEO plugin v27.2 - https:\/\/yoast.com\/product\/yoast-seo-wordpress\/ -->\n<title>Impressum &#8226; Entertainment Agency<\/title>\n<meta name=\"robots\" content=\"index, follow, max-snippet:-1, max-image-preview:large, max-video-preview:-1\" \/>\n<link rel=\"canonical\" href=\"https:\/\/www.entertainmentagency.at\/stars-buchen\/impressum\/\" \/>\n<meta property=\"og:locale\" content=\"de_DE\" \/>\n<meta property=\"og:type\" content=\"article\" \/>\n<meta property=\"og:title\" content=\"Impressum &#8226; Entertainment Agency\" \/>\n<meta property=\"og:description\" content=\"Impressum Angaben gem\u00e4\u00df \u00a7 5 ECG und \u00a7 25 MedienG EAL Entertainment Agency Live GmbH Schulerstra\u00dfe 1-3 \/ 67A 1010 Wien \u00d6sterreich Kontakt Telefon: +43 664 868 12 60 E-Mail: office@entertainmentagency.at Web: www.entertainmentagency.at Firmenbuchnummer &amp; Gericht Firmenbuch: FN 528370 s Firmenbuchgericht: Handelsgericht Wien UID-Nummer ATU75277157 Aufsichtsbeh\u00f6rde Magistrat der Stadt Wien Berufsrecht Gewerbeordnung: www.ris.bka.gv.at Haftungsausschluss Die ... Read more\" \/>\n<meta property=\"og:url\" content=\"https:\/\/www.entertainmentagency.at\/stars-buchen\/impressum\/\" \/>\n<meta property=\"og:site_name\" content=\"Entertainment Agency\" \/>\n<meta property=\"article:publisher\" content=\"https:\/\/www.facebook.com\/Entertainment-Agency-Austria-268593616544899\/\" \/>\n<meta property=\"article:modified_time\" content=\"2026-03-17T08:28:34+00:00\" \/>\n<meta name=\"twitter:card\" content=\"summary_large_image\" \/>\n<meta name=\"twitter:label1\" content=\"Gesch\u00e4tzte Lesezeit\" \/>\n\t<meta name=\"twitter:data1\" content=\"1 Minute\" \/>\n<script type=\"application\/ld+json\" class=\"yoast-schema-graph\">{\"@context\":\"https:\/\/schema.org\",\"@graph\":[{\"@type\":\"WebPage\",\"@id\":\"https:\/\/www.entertainmentagency.at\/stars-buchen\/impressum\/\",\"url\":\"https:\/\/www.entertainmentagency.at\/stars-buchen\/impressum\/\",\"name\":\"Impressum &#8226; Entertainment Agency\",\"isPartOf\":{\"@id\":\"https:\/\/www.entertainmentagency.at\/stars-buchen\/#website\"},\"datePublished\":\"2026-03-13T09:51:26+00:00\",\"dateModified\":\"2026-03-17T08:28:34+00:00\",\"breadcrumb\":{\"@id\":\"https:\/\/www.entertainmentagency.at\/stars-buchen\/impressum\/#breadcrumb\"},\"inLanguage\":\"de-AT\",\"potentialAction\":[{\"@type\":\"ReadAction\",\"target\":[\"https:\/\/www.entertainmentagency.at\/stars-buchen\/impressum\/\"]}]},{\"@type\":\"BreadcrumbList\",\"@id\":\"https:\/\/www.entertainmentagency.at\/stars-buchen\/impressum\/#breadcrumb\",\"itemListElement\":[{\"@type\":\"ListItem\",\"position\":1,\"name\":\"Startseite\",\"item\":\"https:\/\/www.entertainmentagency.at\/stars-buchen\/\"},{\"@type\":\"ListItem\",\"position\":2,\"name\":\"Impressum\"}]},{\"@type\":\"WebSite\",\"@id\":\"https:\/\/www.entertainmentagency.at\/stars-buchen\/#website\",\"url\":\"https:\/\/www.entertainmentagency.at\/stars-buchen\/\",\"name\":\"Entertainment Agency\",\"description\":\"Hier buchen Sie Stars.\",\"publisher\":{\"@id\":\"https:\/\/www.entertainmentagency.at\/stars-buchen\/#organization\"},\"potentialAction\":[{\"@type\":\"SearchAction\",\"target\":{\"@type\":\"EntryPoint\",\"urlTemplate\":\"https:\/\/www.entertainmentagency.at\/stars-buchen\/?s={search_term_string}\"},\"query-input\":{\"@type\":\"PropertyValueSpecification\",\"valueRequired\":true,\"valueName\":\"search_term_string\"}}],\"inLanguage\":\"de-AT\"},{\"@type\":\"Organization\",\"@id\":\"https:\/\/www.entertainmentagency.at\/stars-buchen\/#organization\",\"name\":\"Entertainment Agency\",\"url\":\"https:\/\/www.entertainmentagency.at\/stars-buchen\/\",\"logo\":{\"@type\":\"ImageObject\",\"inLanguage\":\"de-AT\",\"@id\":\"https:\/\/www.entertainmentagency.at\/stars-buchen\/#\/schema\/logo\/image\/\",\"url\":\"https:\/\/www.entertainmentagency.at\/stars-buchen\/wp-content\/uploads\/2026\/03\/cropped-entertainment-agency-logo.png\",\"contentUrl\":\"https:\/\/www.entertainmentagency.at\/stars-buchen\/wp-content\/uploads\/2026\/03\/cropped-entertainment-agency-logo.png\",\"width\":2076,\"height\":385,\"caption\":\"Entertainment Agency\"},\"image\":{\"@id\":\"https:\/\/www.entertainmentagency.at\/stars-buchen\/#\/schema\/logo\/image\/\"},\"sameAs\":[\"https:\/\/www.facebook.com\/Entertainment-Agency-Austria-268593616544899\/\",\"https:\/\/www.instagram.com\/entertainment_agency\/\"]}]}<\/script>\n<!-- \/ Yoast SEO plugin. -->","yoast_head_json":{"title":"Impressum &#8226; Entertainment Agency","robots":{"index":"index","follow":"follow","max-snippet":"max-snippet:-1","max-image-preview":"max-image-preview:large","max-video-preview":"max-video-preview:-1"},"canonical":"https:\/\/www.entertainmentagency.at\/stars-buchen\/impressum\/","og_locale":"de_DE","og_type":"article","og_title":"Impressum &#8226; Entertainment Agency","og_description":"Impressum Angaben gem\u00e4\u00df \u00a7 5 ECG und \u00a7 25 MedienG EAL Entertainment Agency Live GmbH Schulerstra\u00dfe 1-3 \/ 67A 1010 Wien \u00d6sterreich Kontakt Telefon: +43 664 868 12 60 E-Mail: office@entertainmentagency.at Web: www.entertainmentagency.at Firmenbuchnummer &amp; Gericht Firmenbuch: FN 528370 s Firmenbuchgericht: Handelsgericht Wien UID-Nummer ATU75277157 Aufsichtsbeh\u00f6rde Magistrat der Stadt Wien Berufsrecht Gewerbeordnung: www.ris.bka.gv.at Haftungsausschluss Die ... Read more","og_url":"https:\/\/www.entertainmentagency.at\/stars-buchen\/impressum\/","og_site_name":"Entertainment Agency","article_publisher":"https:\/\/www.facebook.com\/Entertainment-Agency-Austria-268593616544899\/","article_modified_time":"2026-03-17T08:28:34+00:00","twitter_card":"summary_large_image","twitter_misc":{"Gesch\u00e4tzte Lesezeit":"1 Minute"},"schema":{"@context":"https:\/\/schema.org","@graph":[{"@type":"WebPage","@id":"https:\/\/www.entertainmentagency.at\/stars-buchen\/impressum\/","url":"https:\/\/www.entertainmentagency.at\/stars-buchen\/impressum\/","name":"Impressum &#8226; Entertainment Agency","isPartOf":{"@id":"https:\/\/www.entertainmentagency.at\/stars-buchen\/#website"},"datePublished":"2026-03-13T09:51:26+00:00","dateModified":"2026-03-17T08:28:34+00:00","breadcrumb":{"@id":"https:\/\/www.entertainmentagency.at\/stars-buchen\/impressum\/#breadcrumb"},"inLanguage":"de-AT","potentialAction":[{"@type":"ReadAction","target":["https:\/\/www.entertainmentagency.at\/stars-buchen\/impressum\/"]}]},{"@type":"BreadcrumbList","@id":"https:\/\/www.entertainmentagency.at\/stars-buchen\/impressum\/#breadcrumb","itemListElement":[{"@type":"ListItem","position":1,"name":"Startseite","item":"https:\/\/www.entertainmentagency.at\/stars-buchen\/"},{"@type":"ListItem","position":2,"name":"Impressum"}]},{"@type":"WebSite","@id":"https:\/\/www.entertainmentagency.at\/stars-buchen\/#website","url":"https:\/\/www.entertainmentagency.at\/stars-buchen\/","name":"Entertainment Agency","description":"Hier buchen Sie Stars.","publisher":{"@id":"https:\/\/www.entertainmentagency.at\/stars-buchen\/#organization"},"potentialAction":[{"@type":"SearchAction","target":{"@type":"EntryPoint","urlTemplate":"https:\/\/www.entertainmentagency.at\/stars-buchen\/?s={search_term_string}"},"query-input":{"@type":"PropertyValueSpecification","valueRequired":true,"valueName":"search_term_string"}}],"inLanguage":"de-AT"},{"@type":"Organization","@id":"https:\/\/www.entertainmentagency.at\/stars-buchen\/#organization","name":"Entertainment Agency","url":"https:\/\/www.entertainmentagency.at\/stars-buchen\/","logo":{"@type":"ImageObject","inLanguage":"de-AT","@id":"https:\/\/www.entertainmentagency.at\/stars-buchen\/#\/schema\/logo\/image\/","url":"https:\/\/www.entertainmentagency.at\/stars-buchen\/wp-content\/uploads\/2026\/03\/cropped-entertainment-agency-logo.png","contentUrl":"https:\/\/www.entertainmentagency.at\/stars-buchen\/wp-content\/uploads\/2026\/03\/cropped-entertainment-agency-logo.png","width":2076,"height":385,"caption":"Entertainment Agency"},"image":{"@id":"https:\/\/www.entertainmentagency.at\/stars-buchen\/#\/schema\/logo\/image\/"},"sameAs":["https:\/\/www.facebook.com\/Entertainment-Agency-Austria-268593616544899\/","https:\/\/www.instagram.com\/entertainment_agency\/"]}]}},"_links":{"self":[{"href":"https:\/\/www.entertainmentagency.at\/stars-buchen\/wp-json\/wp\/v2\/pages\/1700","targetHints":{"allow":["GET"]}}],"collection":[{"href":"https:\/\/www.entertainmentagency.at\/stars-buchen\/wp-json\/wp\/v2\/pages"}],"about":[{"href":"https:\/\/www.entertainmentagency.at\/stars-buchen\/wp-json\/wp\/v2\/types\/page"}],"author":[{"embeddable":true,"href":"https:\/\/www.entertainmentagency.at\/stars-buchen\/wp-json\/wp\/v2\/users\/1"}],"replies":[{"embeddable":true,"href":"https:\/\/www.entertainmentagency.at\/stars-buchen\/wp-json\/wp\/v2\/comments?post=1700"}],"version-history":[{"count":2,"href":"https:\/\/www.entertainmentagency.at\/stars-buchen\/wp-json\/wp\/v2\/pages\/1700\/revisions"}],"predecessor-version":[{"id":2026,"href":"https:\/\/www.entertainmentagency.at\/stars-buchen\/wp-json\/wp\/v2\/pages\/1700\/revisions\/2026"}],"wp:attachment":[{"href":"https:\/\/www.entertainmentagency.at\/stars-buchen\/wp-json\/wp\/v2\/media?parent=1700"}],"curies":[{"name":"wp","href":"https:\/\/api.w.org\/{rel}","templated":true}]}}